{"id":122,"date":"2023-04-03T16:56:49","date_gmt":"2023-04-03T14:56:49","guid":{"rendered":"https:\/\/keffiou.bzh\/?page_id=122"},"modified":"2024-08-14T12:15:27","modified_gmt":"2024-08-14T10:15:27","slug":"presentation","status":"publish","type":"page","link":"https:\/\/keffiou.bzh\/index.php\/presentation\/","title":{"rendered":"PR\u00c9SENTATION"},"content":{"rendered":"<div class=\"wpb-content-wrapper\"><p>[vc_row row_height_percent=\u00a0\u00bb0&Prime; override_padding=\u00a0\u00bbyes\u00a0\u00bb h_padding=\u00a0\u00bb2&Prime; top_padding=\u00a0\u00bb5&Prime; bottom_padding=\u00a0\u00bb5&Prime; back_image=\u00a0\u00bb181&Prime; parallax=\u00a0\u00bbyes\u00a0\u00bb overlay_color=\u00a0\u00bbcolor-jevc\u00a0\u00bb overlay_alpha=\u00a0\u00bb50&Prime; gutter_size=\u00a0\u00bb2&Prime; column_width_percent=\u00a0\u00bb100&Prime; border_color=\u00a0\u00bbcolor-gyho\u00a0\u00bb border_style=\u00a0\u00bbsolid\u00a0\u00bb shift_y=\u00a0\u00bb0&Prime; z_index=\u00a0\u00bb0&Prime; style=\u00a0\u00bbinherited\u00a0\u00bb css=\u00a0\u00bb.vc_custom_1723622777233{border-bottom-width: 1px !important;}\u00a0\u00bb uncode_shortcode_id=\u00a0\u00bb733651&Prime; border_color_type=\u00a0\u00bbuncode-palette\u00a0\u00bb overlay_color_type=\u00a0\u00bbuncode-palette\u00a0\u00bb][vc_column width=\u00a0\u00bb1\/1&Prime;][vc_gallery el_id=\u00a0\u00bbgallery-318462&Prime; medias=\u00a0\u00bb178,179,180&Prime; gutter_size=\u00a0\u00bb2&Prime; media_items=\u00a0\u00bbmedia|lightbox|original,icon,title\u00a0\u00bb screen_lg=\u00a0\u00bb1000&Prime; screen_md=\u00a0\u00bb600&Prime; screen_sm=\u00a0\u00bb480&Prime; single_text=\u00a0\u00bbunder\u00a0\u00bb images_size=\u00a0\u00bbone-one\u00a0\u00bb single_style=\u00a0\u00bbdark\u00a0\u00bb single_overlay_opacity=\u00a0\u00bb50&Prime; single_image_anim=\u00a0\u00bbno\u00a0\u00bb single_h_align=\u00a0\u00bbcenter\u00a0\u00bb single_padding=\u00a0\u00bb1&Prime; single_title_dimension=\u00a0\u00bbh3&Prime; single_text_lead=\u00a0\u00bbyes\u00a0\u00bb single_icon=\u00a0\u00bbfa fa-plus2&Prime; single_border=\u00a0\u00bbyes\u00a0\u00bb carousel_rtl=\u00a0\u00bb\u00a0\u00bb single_half_padding=\u00a0\u00bbyes\u00a0\u00bb single_title_serif=\u00a0\u00bb\u00a0\u00bb single_no_background=\u00a0\u00bbyes\u00a0\u00bb items=\u00a0\u00bbeyIxMzc2M19pIjp7InNpbmdsZV9saW5rIjoidXJsOmh0dHAlM0ElMkYlMkZ3d3cudW5kc2duLmNvbXx8dGFyZ2V0OiUyMF9ibGFuayJ9LCIxMzc2OV9pIjp7InNpbmdsZV9saW5rIjoidXJsOmh0dHAlM0ElMkYlMkZ3d3cudW5kc2duLmNvbXx8dGFyZ2V0OiUyMF9ibGFuayJ9LCIxMzc3MF9pIjp7InNpbmdsZV9saW5rIjoidXJsOmh0dHAlM0ElMkYlMkZ3d3cudW5kc2duLmNvbXx8dGFyZ2V0OiUyMF9ibGFuayJ9LCIxMzc2Nl9pIjp7InNpbmdsZV9saW5rIjoidXJsOmh0dHAlM0ElMkYlMkZ3d3cudW5kc2duLmNvbXx8dGFyZ2V0OiUyMF9ibGFuayJ9fQ==\u00a0\u00bb uncode_shortcode_id=\u00a0\u00bb696636&Prime;][\/vc_column][\/vc_row][vc_row row_height_percent=\u00a0\u00bb0&Prime; back_image=\u00a0\u00bb326&Prime; back_repeat=\u00a0\u00bbno-repeat\u00a0\u00bb back_attachment=\u00a0\u00bbscroll\u00a0\u00bb back_position=\u00a0\u00bbleft bottom\u00a0\u00bb overlay_color=\u00a0\u00bbcolor-jevc\u00a0\u00bb overlay_alpha=\u00a0\u00bb50&Prime; gutter_size=\u00a0\u00bb3&Prime; column_width_percent=\u00a0\u00bb100&Prime; shift_y=\u00a0\u00bb0&Prime; z_index=\u00a0\u00bb0&Prime; uncode_shortcode_id=\u00a0\u00bb193091&Prime; overlay_color_type=\u00a0\u00bbuncode-palette\u00a0\u00bb][vc_column width=\u00a0\u00bb1\/1&Prime;][vc_tabs][vc_tab icon=\u00a0\u00bbfa fa-plus\u00a0\u00bb gutter_size=\u00a0\u00bb2&Prime; column_padding=\u00a0\u00bb2&Prime; title=\u00a0\u00bbBreton\u00a0\u00bb tab_id=\u00a0\u00bb1723119772-1-7&Prime;][vc_custom_heading text_color=\u00a0\u00bbcolor-lxmt\u00a0\u00bb text_size=\u00a0\u00bbcustom\u00a0\u00bb text_weight=\u00a0\u00bb400&Prime; foreword=\u00a0\u00bbyes\u00a0\u00bb uncode_shortcode_id=\u00a0\u00bb793292&Prime; heading_custom_size=\u00a0\u00bbclamp(20px, 3vw, 30px)\u00a0\u00bb subheading=\u00a0\u00bbPREZANTI\u00d1\u00a0\u00bb text_color_type=\u00a0\u00bbuncode-palette\u00a0\u00bb]<\/p>\n<p style=\"text-align: justify;\"><strong><span class=\"fontstyle0\">Ganet e oa KEFFIOU e-kreizig kelc&rsquo;h keltieg Eskell an Elorn, deus Landerne, e mil nav c&rsquo;hant triwec&rsquo;h ha pevar ugent, e- lec&rsquo;h Maurice MINGAM ha Daniel KEROUANTON a oa danserien.<\/span><br \/>\n<\/strong><\/p>\n<p style=\"text-align: justify;\">\u00a0<span class=\"fontstyle0\">E mare-se, a strollad MENTREL a sone evid ar c&rsquo;helc&rsquo;h, ha gant sonj Patrice CAOUISSIN a zo bet krouet un emgav kan ha diskan evit tout an dud o doa c&rsquo;hoant da gana\u00f1 er gevredigezh, evid ambroug ar c&rsquo;helc&rsquo;h e-pad ar festou pe ar kenstrivadegou.<\/span><\/p>\n<p style=\"text-align: justify;\"><span class=\"fontstyle0\">Ar vec&rsquo;h kenta n&rsquo;oa kanet en ur fest deiz oa e Kolloreg, hag war ar skritell: \u00ab\u00a0Eskell hag An Elorn\u00a0\u00bb E mil nav c&rsquo;hant naonteg ha pevar ugent, Maurice ha Daniel o deus dibabet anv KEFFIOU evit mont war al leurenn. KEFFIOU a zo ur serr-lagad evit an dans keff, a zo bet dastumet e-kichen Landerne.<\/span><\/p>\n<p style=\"text-align: justify;\"><span class=\"fontstyle0\">Maurice a zo eus Gwiklan (e bro chelgen), met a chom e Plouedern, ha Daniel a zo eus Landerne.<\/span><\/p>\n<p style=\"text-align: justify;\"><span class=\"fontstyle0\">E daou vil unan, Andr\u00e9 GESTIN (ganet e Landelo) en deus kejet ar strollad.<\/span><\/p>\n<p style=\"text-align: justify;\"><span class=\"fontstyle0\">Abaoe ar mare-se, hon strollad a gas en dro festou-noz ha festou-deiz dre ar vro.<\/span><\/p>\n<p style=\"text-align: justify;\"><span class=\"fontstyle0\">An hini pouezhusa\u00f1 eo evidomp kaout plijadur war al leurenn, ha rein plijadur d&rsquo;an danserien, ar pal n&rsquo;eo ket ar gopre.<\/span><\/p>\n<p style=\"text-align: justify;\"><span class=\"fontstyle0\">E-pad an ha\u00f1v, KEFFIOU a gan evit ar c&rsquo;helc&rsquo;h; graet hon eus kalz a veajou gant ar c&rsquo;helc&rsquo;h (e bro gembre, romania , Stadou unannet&#8230;), rak Maurice ha Daniel o n&rsquo;eus danset gant Eskell an Elorn, hag Andr\u00e9 a zougen ar banniel e-pad an dibunadegou.<\/span><\/p>\n<p style=\"text-align: justify;\"><span class=\"fontstyle0\">E mod- all, er gevredigezh, Maurice a ra war-dro kenteliou kanaouennou.<\/span><\/p>\n<p style=\"text-align: justify;\"><span class=\"fontstyle0\">Abaoe 2021 e kan ivez gand PAOTRED PAGAN (war dro 20 brezhoneger) hag e laz-kana\u00f1 Plouedern, Sevenadur d&rsquo;An Oll ,(goude 12 bloaz e laz-kana\u00f1 ar Menhir eus Plabenneg).<\/span><\/p>\n<p style=\"text-align: justify;\"><span class=\"fontstyle0\">Pouezhus eo ar yezh evidomp gant ar \u00ab\u00a0pouez mouezh\u00a0\u00bb. Rak n&rsquo;eo ket posubl dispartia\u00f1 ar yezh, deus an dans pe deus ar c&rsquo;han.<\/span><\/p>\n<p style=\"text-align: justify;\"><strong><span class=\"fontstyle0\">Kan ha diskan a reomp <\/span><span class=\"fontstyle0\">hep sonerezh<\/span><span class=\"fontstyle0\">, en ur mod hengounel, gant ur yezh aes da gompren hag aes da zansal, en hon giz-mouezh, hep fellout da veza\u00f1 he\u00f1vel ar re all.<\/span><\/strong><\/p>\n<p style=\"text-align: justify;\"><span class=\"fontstyle2\">N&rsquo;hon eus ket desket gant ur mestr, met gant tout an traou a zo en hon divskouarn abaoe pell. \u00ab\u00a0Gant KEFFIOU, plijus eo an dansou\u00a0\u00bb.<\/span><\/p>\n<p style=\"text-align: justify;\"><span class=\"fontstyle2\">Ar roll-skridou a zo graet e pevar-ugent dre gant e brezhoneg, ha posubl eo deomp kana\u00f1 tro-dro daou-ugent dans hag heuliad dishe\u00f1vel.<\/span><\/p>\n<p style=\"text-align: justify;\"><span class=\"fontstyle0\">Hon enrolladur kenta\u00f1, anvet eo \u00ab\u00a0Sachomp warni\u00a0\u00bb; C&rsquo;hwezeg dans a zo war ar bladenn. Pennadou da selaou vez kavet war <a href=\"https:\/\/www.tamm-kreiz.bzh\/groupe\/1471\/Keffiou\" target=\"_blank\" rel=\"noopener\">TAMM KREIZ.<\/a><\/span><\/p>\n<p>[\/vc_custom_heading][\/vc_tab][vc_tab icon=\u00a0\u00bbfa fa-plus\u00a0\u00bb gutter_size=\u00a0\u00bb2&Prime; column_padding=\u00a0\u00bb2&Prime; title=\u00a0\u00bbFran\u00e7ais\u00a0\u00bb tab_id=\u00a0\u00bb1723119772-2-86&Prime;][vc_custom_heading text_color=\u00a0\u00bbcolor-lxmt\u00a0\u00bb text_size=\u00a0\u00bbcustom\u00a0\u00bb text_weight=\u00a0\u00bb400&Prime; foreword=\u00a0\u00bbyes\u00a0\u00bb uncode_shortcode_id=\u00a0\u00bb134339&Prime; heading_custom_size=\u00a0\u00bbclamp(20px, 3vw, 30px)\u00a0\u00bb subheading=\u00a0\u00bbPRESENTATION\u00a0\u00bb text_color_type=\u00a0\u00bbuncode-palette\u00a0\u00bb]<\/p>\n<p style=\"text-align: justify;\"><strong>Le groupe est n\u00e9 au sein du Cercle Celtique Eskell an Elorn (E.E.) de Landerneau en 1998, o\u00f9 Daniel KEROUANTON et Maurice MINGAM \u00e9taient d\u00e9j\u00e0 danseurs.<\/strong><\/p>\n<p style=\"text-align: justify;\">La formation musicale qui accompagnait le Cercle \u00e9tait MENTREL, dirig\u00e9 par Patrice CAOUISSIN.<br \/>\nSous l&rsquo;impulsion de celui-ci, une section de chant \u00e0 danser fut cr\u00e9\u00e9e. Notre premi\u00e8re prestation en public eut lieu au fest deiz de Collorec, avec sur l&rsquo;affiche : \u00ab\u00a0les chanteurs Eskell et An Elorn\u00a0\u00bb.<\/p>\n<p style=\"text-align: justify;\"><strong>En 1999, le duo choisit son nom de sc\u00e8ne \u00ab\u00a0KEFFIOU\u00a0\u00bb (qui n&rsquo;est pas le pluriel de kef, mais un simple clin d&rsquo;\u0153il \u00e0 la danse collect\u00e9e pr\u00e8s de Landerneau).<\/strong> Daniel est landern\u00e9en, Maurice, originaire de Guiclan (en pays Chelgen), habite Plou\u00e9dern. <strong>En 2001, un troisi\u00e8me comp\u00e8re, originaire de Landeleau, Andr\u00e9 GESTIN, rejoint le groupe.<\/strong><\/p>\n<p style=\"text-align: justify;\"><strong>Depuis, notre trio de kan ha diskan, anime r\u00e9guli\u00e8rement les festou deiz et festou noz de la r\u00e9gion. <\/strong><br \/>\n<strong>L&rsquo;essentiel pour nous est de prendre plaisir \u00e0 chanter et que les danseurs se sentent \u00e0 l&rsquo;aise.<\/strong><\/p>\n<p style=\"text-align: justify;\"><strong>Nous accompagnons le Cercle lors de ses d\u00e9placements (festivals, new-york, Pays de Galles, Allemagne&#8230;). <\/strong><br \/>\nEn effet, Daniel et Maurice ont \u00e9t\u00e9 danseurs dans le groupe sc\u00e9nique, Andr\u00e9 est porte-drapeau.<\/p>\n<p style=\"text-align: justify;\">Maurice anime l&rsquo;atelier d&rsquo;initiation au chant \u00e0 danser au sein de l&rsquo;Association.<br \/>\nDepuis 2021, il chante \u00e9galement avec PAOTRED PAGAN (groupe vocal d&rsquo;hommes chantant en breton) et dans la chorale mixte de Plou\u00e9dern, Sevenadur d&rsquo;an Oll (apr\u00e8s 12 ans \u00e0 la chorale du Menhir de Plabennec).<\/p>\n<p style=\"text-align: justify;\"><strong>Pour nous, le breton, avec son \u00ab\u00a0pouez mouezh\u00a0\u00bb adapt\u00e9, est indissociable des danses bretonnes.<\/strong><br \/>\n<strong>Nous chantons sans accompagnement musical, dans nos propres tonalit\u00e9s, sans sophistication, avec un tempo bien marqu\u00e9, dans une langue compr\u00e9hensible.<\/strong><br \/>\nNous n&rsquo;avons pas eu un seul ma\u00eetre de chant, mais plut\u00f4t vingt ou trente, gr\u00e2ce aux possibilit\u00e9s offertes par les<br \/>\ntechnologies d&rsquo;enregistrement depuis quelques dizaines d&rsquo;ann\u00e9es et aux sonorit\u00e9s qui ont berc\u00e9 notre enfance.<br \/>\n<strong>\u00ab\u00a0Gant KEFFIOU, plijus eo an dansou\u00a0\u00bb (avec keffiou, les danses sont plaisantes).<\/strong><br \/>\n<strong>Notre r\u00e9pertoire actuel est constitu\u00e9 \u00e0 plus de 80% par des chants en breton. Il nous permet d&rsquo;interpr\u00e9ter plus de quarante danses et suites diff\u00e9rentes.<\/strong><\/p>\n<p style=\"text-align: justify;\"><strong>Notre premier enregistrement, <a href=\"https:\/\/www.letelegramme.fr\/finistere\/landerneau-29800\/spankan-ha-diskanspan-le-premier-cd-de-keffiou-2302102.php\" target=\"_blank\" rel=\"noopener\">sorti en novembre 2014<\/a>, s&rsquo;intitule \u00ab\u00a0SACHOMP WARNI\u00a0\u00bb (tirons dessus=allons-y \u00e0 fond), comporte 16 danses.<\/strong><br \/>\nDes extraits sont disponibles sur <a href=\"https:\/\/www.tamm-kreiz.bzh\/groupe\/1471\/Keffiou\" target=\"_blank\" rel=\"noopener\">TAMM KREIZ <\/a>ou sur notre page <a href=\"https:\/\/keffiou.bzh\/index.php\/nous-ecouter\/\">NOUS ECOUTER.<\/a><\/p>\n<p>[\/vc_custom_heading][\/vc_tab][\/vc_tabs][\/vc_column][\/vc_row]<\/p>\n<\/div>","protected":false},"excerpt":{"rendered":"<p>[vc_row row_height_percent=\u00a0\u00bb0&Prime; override_padding=\u00a0\u00bbyes\u00a0\u00bb h_padding=\u00a0\u00bb2&Prime; top_padding=\u00a0\u00bb5&Prime; bottom_padding=\u00a0\u00bb5&Prime; back_image=\u00a0\u00bb181&Prime; parallax=\u00a0\u00bbyes\u00a0\u00bb overlay_color=\u00a0\u00bbcolor-jevc\u00a0\u00bb overlay_alpha=\u00a0\u00bb50&Prime; gutter_size=\u00a0\u00bb2&Prime; column_width_percent=\u00a0\u00bb100&Prime; border_color=\u00a0\u00bbcolor-gyho\u00a0\u00bb border_style=\u00a0\u00bbsolid\u00a0\u00bb shift_y=\u00a0\u00bb0&Prime; z_index=\u00a0\u00bb0&Prime; style=\u00a0\u00bbinherited\u00a0\u00bb css=\u00a0\u00bb.vc_custom_1723622777233{border-bottom-width: 1px !important;}\u00a0\u00bb [&hellip;]<\/p>\n","protected":false},"author":1,"featured_media":0,"parent":0,"menu_order":0,"comment_status":"closed","ping_status":"closed","template":"","meta":{"footnotes":""},"class_list":["post-122","page","type-page","status-publish","hentry"],"_links":{"self":[{"href":"https:\/\/keffiou.bzh\/index.php\/wp-json\/wp\/v2\/pages\/122","targetHints":{"allow":["GET"]}}],"collection":[{"href":"https:\/\/keffiou.bzh\/index.php\/wp-json\/wp\/v2\/pages"}],"about":[{"href":"https:\/\/keffiou.bzh\/index.php\/wp-json\/wp\/v2\/types\/page"}],"author":[{"embeddable":true,"href":"https:\/\/keffiou.bzh\/index.php\/wp-json\/wp\/v2\/users\/1"}],"replies":[{"embeddable":true,"href":"https:\/\/keffiou.bzh\/index.php\/wp-json\/wp\/v2\/comments?post=122"}],"version-history":[{"count":42,"href":"https:\/\/keffiou.bzh\/index.php\/wp-json\/wp\/v2\/pages\/122\/revisions"}],"predecessor-version":[{"id":420,"href":"https:\/\/keffiou.bzh\/index.php\/wp-json\/wp\/v2\/pages\/122\/revisions\/420"}],"wp:attachment":[{"href":"https:\/\/keffiou.bzh\/index.php\/wp-json\/wp\/v2\/media?parent=122"}],"curies":[{"name":"wp","href":"https:\/\/api.w.org\/{rel}","templated":true}]}}